{"id":3602,"date":"2020-09-15T11:01:08","date_gmt":"2020-09-15T11:01:08","guid":{"rendered":"https:\/\/www.rentabilizatuconcesionario.com\/?page_id=3602"},"modified":"2020-09-15T11:01:10","modified_gmt":"2020-09-15T11:01:10","slug":"politica-de-privacidad-2","status":"publish","type":"page","link":"https:\/\/rentabilizatuconcesionario.com\/index.php\/politica-de-privacidad-2\/","title":{"rendered":"POL\u00cdTICA DE PRIVACIDAD"},"content":{"rendered":"\n<style type=\"text\/css\" data-created_by=\"avia_inline_auto\" id=\"style-css-av-av_one_full-79ff81c021393065cee878051452f6a6\">\n.flex_column.av-av_one_full-79ff81c021393065cee878051452f6a6{\nborder-radius:0px 0px 0px 0px;\npadding:0px 0px 0px 0px;\n}\n<\/style>\n<div  class='flex_column av-av_one_full-79ff81c021393065cee878051452f6a6 av_one_full  avia-builder-el-0  avia-builder-el-no-sibling  first flex_column_div av-zero-column-padding  '     ><section  class='av_textblock_section av-kf3uhu4j-17368c74db9cff7ba872fdda4fb41e34 '   itemscope=\"itemscope\" itemtype=\"https:\/\/schema.org\/CreativeWork\" ><div class='avia_textblock'  itemprop=\"text\" ><p><strong>POL\u00cdTICA DE PRIVACIDAD<\/strong><\/p>\n<div>\n<section>\n<div>MOBILE APPS &amp; MARKETING SOLUTIONS S.L. para proteger los derechos individuales, sobre todo en relaci\u00f3n con los tratamientos automatizados y con voluntad de ser transparentes con el Usuario, ha establecido una pol\u00edtica que recoge el conjunto de dichos tratamientos, los fines perseguidos por estos \u00faltimos, la legitimidad de los mismos y tambi\u00e9n los instrumentos a disposici\u00f3n del Usuario para que pueda ejercer sus derechos.<\/div>\n<div><\/div>\n<\/section>\n<\/div>\n<h3>\u00bfQui\u00e9n es el responsable de tus datos?<\/h3>\n<div>\n<section>\n<div>\n<p><b>Identidad:\u00a0<\/b>MOBILE\u00a0 APPS &amp; MARKETING SOLUTIONS S.L.<\/p>\n<p><b>Direcci\u00f3n:\u00a0<\/b>c\/ Fernando Pessoa, 21 \u00b7 08030 BARCELONA<\/p>\n<p><b>Tel\u00e9fono:\u00a0<\/b>+34 937 378 647<\/p>\n<p><b>E-mail:<\/b>\u00a0info@aviautos.com<\/p>\n<\/div>\n<\/section>\n<\/div>\n<h3><\/h3>\n<h3>\u00bfCon qu\u00e9 finalidad recogemos tus datos personales?<\/h3>\n<div>\n<section>\n<div>En MOBILE APPS &amp; MARKETING SOLUTIONS S.L. recogemos y tratamos la informaci\u00f3n que nos facilitas con el fin de responder a las cuestiones que nos planteas a trav\u00e9s de nuestros formularios de contacto y de comentarios, y de hacerte llegar informaci\u00f3n que sea de tu inter\u00e9s a trav\u00e9s de nuestros canales de comunicaci\u00f3n.Dicha informaci\u00f3n la mantendremos almacenada mientras no solicites su supresi\u00f3n.<\/div>\n<div><\/div>\n<\/section>\n<\/div>\n<h3>\u00bfCu\u00e1l es la legitimaci\u00f3n para el tratamiento de tus datos?<\/h3>\n<div>\n<section>\n<div>\n<p>Las bases legales para el tratamiento de tus datos son las siguientes:<\/p>\n<ul>\n<li>Ejecuci\u00f3n del contrato de suscripci\u00f3n para hacerte llegar informaci\u00f3n que sea de tu inter\u00e9s a trav\u00e9s de nuestros canales de comunicaci\u00f3n.<\/li>\n<li>Obtenci\u00f3n de tu consentimiento para responder a las cuestiones que nos planteas a trav\u00e9s de nuestros formularios de contacto y de comentarios.<\/li>\n<\/ul>\n<p>Recuerda que no est\u00e1s obligado a darnos tu consentimiento para el tratamiento de tus datos, pero de no hacerlo,\u00a0MOBILE APPS &amp; MARKETING SOLUTIONS S.L\u00a0no podr\u00e1 hacerte llegar informaci\u00f3n que sea de tu inter\u00e9s a trav\u00e9s de nuestros canales de comunicaci\u00f3n.<\/p>\n<\/div>\n<\/section>\n<\/div>\n<h3>\u00bfA qu\u00e9 destinatarios se comunicar\u00e1n tus datos de car\u00e1cter personal?<\/h3>\n<div>\n<section>\n<div>Los datos personales del usuario podr\u00e1n eventualmente ser comunicados a terceros relacionas con\u00a0MOBILE APPS &amp; MARKETING SOLUTIONS S.L\u00a0por contrato para la realizaci\u00f3n de las tareas necesarias para la gesti\u00f3n de su cuenta como cliente y sin que tenga que dar su autorizaci\u00f3n. Tambi\u00e9n cuando tuvieran que hacerse comunicaciones a las autoridades en caso de que el Usuario hubiera realizado acciones contrarias a la Ley o incumplido el contenido del aviso legal.Los datos personales del Usuario podr\u00e1n transferirse a un tercer pa\u00eds o a una organizaci\u00f3n internacional, pero se le deber\u00e1 informar cuando se vaya a producir esa transferencia, y de las condiciones de la misma y del destinatario.Cuando algunos datos sean obligatorios para acceder a funcionalidades concretas del sitio web, MOBILE &amp; APPS S.L.\u00a0indicar\u00e1 dicho car\u00e1cter obligatorio en el momento de la recogida de datos del Usuario.<\/div>\n<div><\/div>\n<\/section>\n<\/div>\n<h3>\u00bfCu\u00e1les son tus derechos cuando nos facilitas tus datos personales?<\/h3>\n<div>\n<section>\n<div>\n<p>El hecho de que nos hayas cedido tus datos y nos hayas dado el consentimiento para tratarlos, no te esclaviza a nosotros. Existen una serie de derechos que puedes ejercer en cualquier momento, los cuales son:<\/p>\n<ul>\n<li>Derechos a solicitar el acceso a tus datos de car\u00e1cter personal.<\/li>\n<li>Derecho a solicitar la rectificaci\u00f3n o supresi\u00f3n.<\/li>\n<li>Derecho a solicitar la limitaci\u00f3n del tratamiento.<\/li>\n<li>Derecho a oponerse al tratamiento.<\/li>\n<\/ul>\n<p>Tambi\u00e9n te informamos, que si has dado tu consentimiento para alguna finalidad espec\u00edfica, tienes derecho a retirarlo en cualquier momento, sin que ello afecte a la licitud del tratamiento basado en el consentimiento previo a su retirada.El usuario tiene la posibilidad de presentar una reclamaci\u00f3n ante la\u00a0<a href=\"http:\/\/www.agpd.es\/\" target=\"_blank\" rel=\"noopener noreferrer\">Agencia Espa\u00f1ola de Protecci\u00f3n de Datos<\/a>, especialmente cuando no hayas obtenido satisfacci\u00f3n en el ejercicio de tus derechos.Salvo que el usuario se oponga, enviando un email a la direcci\u00f3n de correo electr\u00f3nico info@aviautos.com, sus datos podr\u00e1n ser utilizados, en su caso, si procede, para el env\u00edo de informaci\u00f3n comercial de info@aviautos.com.Los datos proporcionados se conservar\u00e1n mientras se mantenga la relaci\u00f3n comercial o durante los a\u00f1os necesarios para cumplir las obligaciones legales.<\/p>\n<\/div>\n<\/section>\n<\/div>\n<\/div><\/section><\/div>\n","protected":false},"excerpt":{"rendered":"","protected":false},"author":2,"featured_media":0,"parent":0,"menu_order":0,"comment_status":"closed","ping_status":"closed","template":"","meta":{"footnotes":""},"class_list":["post-3602","page","type-page","status-publish","hentry"],"_links":{"self":[{"href":"https:\/\/rentabilizatuconcesionario.com\/index.php\/wp-json\/wp\/v2\/pages\/3602","targetHints":{"allow":["GET"]}}],"collection":[{"href":"https:\/\/rentabilizatuconcesionario.com\/index.php\/wp-json\/wp\/v2\/pages"}],"about":[{"href":"https:\/\/rentabilizatuconcesionario.com\/index.php\/wp-json\/wp\/v2\/types\/page"}],"author":[{"embeddable":true,"href":"https:\/\/rentabilizatuconcesionario.com\/index.php\/wp-json\/wp\/v2\/users\/2"}],"replies":[{"embeddable":true,"href":"https:\/\/rentabilizatuconcesionario.com\/index.php\/wp-json\/wp\/v2\/comments?post=3602"}],"version-history":[{"count":1,"href":"https:\/\/rentabilizatuconcesionario.com\/index.php\/wp-json\/wp\/v2\/pages\/3602\/revisions"}],"predecessor-version":[{"id":3603,"href":"https:\/\/rentabilizatuconcesionario.com\/index.php\/wp-json\/wp\/v2\/pages\/3602\/revisions\/3603"}],"wp:attachment":[{"href":"https:\/\/rentabilizatuconcesionario.com\/index.php\/wp-json\/wp\/v2\/media?parent=3602"}],"curies":[{"name":"wp","href":"https:\/\/api.w.org\/{rel}","templated":true}]}}